{"id":16,"date":"2015-05-01T16:05:47","date_gmt":"2015-05-01T14:05:47","guid":{"rendered":"http:\/\/panamericana-live.de\/?page_id=16"},"modified":"2015-05-02T03:07:40","modified_gmt":"2015-05-02T01:07:40","slug":"tipps-tricks","status":"publish","type":"page","link":"https:\/\/panamericana-live.de\/?page_id=16","title":{"rendered":"Unser Reiselexikon"},"content":{"rendered":"<p>Hier kommt unser &#8211; im Moment noch kleines &#8211; ABC, das im Verlauf erweitert werden wird.<\/p>\n<p><a title=\"Lexikon - A\" href=\"http:\/\/panamericana-live.de\/?page_id=16#lexikon_a\">A<\/a> B <a title=\"Lexikon - C\" href=\"http:\/\/panamericana-live.de\/?page_id=16#lexikon_c\">C<\/a> <a title=\"Lexikon - D\" href=\"http:\/\/panamericana-live.de\/?page_id=16#lexikon_d\">D<\/a> E <a title=\"Lexikon - F\" href=\"http:\/\/panamericana-live.de\/?page_id=16#lexikon_f\">F<\/a> <a title=\"Lexikon - G\" href=\"http:\/\/panamericana-live.de\/?page_id=16#lexikon_g\">G<\/a> H <a title=\"Lexikon - I\" href=\"http:\/\/panamericana-live.de\/?page_id=16#lexikon_i\">I<\/a> J <a href=\"http:\/\/panamericana-live.de\/?page_id=16#lexikon_k\">K<\/a> L <a title=\"Lexikon - M\" href=\"http:\/\/panamericana-live.de\/?page_id=16#lexikon_m\">M<\/a> <a href=\"http:\/\/panamericana-live.de\/?page_id=16#lexikon_n\">N<\/a> O P Q <a title=\"Lexikon - R\" href=\"http:\/\/panamericana-live.de\/?page_id=16#lexikon_r\">R<\/a> <a title=\"Lexikon - S\" href=\"http:\/\/panamericana-live.de\/?page_id=16#lexikon_s\">S<\/a> T <a title=\"Lexikon - U\" href=\"http:\/\/panamericana-live.de\/?page_id=16#lexikon_u\">U<\/a> <a title=\"Lexikon - V\" href=\"http:\/\/panamericana-live.de\/?page_id=16#lexikon_v\">V<\/a> W X Y Z<\/p>\n<h6>5* f\u00fcr &#8230;<\/h6>\n<p>unsere Highlights, dazu geh\u00f6ren Sehensw\u00fcrdigkeiten, Stellpl\u00e4tze, Erlebnisse und was wir sonst noch besonders toll fanden. Sie sind zu finden unter dem Stichwort <a title=\"5* f\u00fcr ...\" href=\"http:\/\/panamericana-live.de\/?tag=5-fuer\">5* f\u00fcr &#8230;<\/a>.<\/p>\n<h6><a id=\"lexikon_a\"><\/a>A wie Auslandskrankenversicherung.<\/h6>\n<p>Nach einigen Recherchen fiel unsere Entscheidung f\u00fcr die Barmenia. F\u00fcr alle, die f\u00fcr einen solchen Trip eine Auslandskrankenversicherung abschlie\u00dfen m\u00fcssen, bitte bedenken: USA und Kanada m\u00fcssen inbegriffen sein, medizinisch &#8217;sinnvoll&#8216; ist etwas anderes als medizinisch &#8217;notwendig&#8216; und Vorsicht bezgl. \u00dcbernahme der Kosten f\u00fcr einen Krankenr\u00fccktransport.<\/p>\n<h6><a id=\"lexikon_c\"><\/a>C wie Camper.<\/h6>\n<p>Das richtige Auto zu finden war deutlich schwerer als erwartet. Wie, Allrad und weniger als 3,5t??? Sind wir die ersten Menschen, die solch ein Auto suchen??? Nach langem Recherchieren sind wir tats\u00e4chlich f\u00fcndig geworden: BavariaCamp haben sich bereit erkl\u00e4rt, \u00a0die eine oder andere \u00c4nderung an ihrem &#8218;Standard&#8216;-Programm vorzunehmen, wir sind nach Bayern ged\u00fcst, um die Einzelheiten zu besprechen und dann ging es mit unserem MePa in die spanischen Pyren\u00e4en auf Testurlaub!<\/p>\n<h6><a id=\"lexikon_d\"><\/a>D wie Diesel.<\/h6>\n<p>Weltweit sind die unterschiedlichsten Dieselqualit\u00e4ten erh\u00e4ltlich. Bzgl. des Schwefelgehaltes gibt es allerdings eine sehr gute \u00dcbersicht der UNEP und ihres &#8222;<a title=\"UNEP - Partnership for Clean Fuels and Vehicles\" href=\"http:\/\/www.unep.org\/transport\/new\/pcfv\/\" target=\"_blank\">Partnership for Clean Fuels and Vehicles<\/a>&#8222;-Programms. Die gew\u00fcnschten Informationen sind oben rechts unter Global bzw. den entsprechenden Regionen zu finden.<\/p>\n<h6><a id=\"lexikon_f\"><\/a>F wie Flugbuchung.<\/h6>\n<p>Die Flugsuche kann ganz sch\u00f6n umst\u00e4ndlich sein &#8211; insbesondere wenn man dann noch W\u00fcnsche bzgl. Umbuchbarkeit, Route, etc. hat. Besser als ein Reiseb\u00fcro hat uns <a title=\"Matrix Airfare Search \" href=\"http:\/\/matrix.itasoftware.com\" target=\"_blank\">matrix.itasoftware.com<\/a> geholfen. Die Software hinter der Webseite wird auch von vielen Fluggesellschaften zur Routenberechnung eingesetzt &#8211; einziger Nachteil: Eine Buchung \u00fcber die Webseite ist leider nicht m\u00f6glich.<\/p>\n<h6>F wie Foodw\u00f6rterbuch.<\/h6>\n<p>Wir h\u00e4tten gerne eins! Gibt es sowas? Wir stellen es hier mal wieder fest: Bez\u00fcglich Essen, Speisen und Gerichten sind normale W\u00f6rterb\u00fccher nicht allzu viel wert und nach f\u00fcnf Monaten durch S\u00fcdamerika hei\u00dft die Avocado in Kolumbien pl\u00f6tzlich nicht mehr <em>palta<\/em> sondern <em>aguacate<\/em>\u2026 F\u00fcr sachdienliche Hinweise laden wir nach der R\u00fcckkehr gerne zu uns zum Essen ein!<\/p>\n<h6><a id=\"lexikon_g\"><\/a>G wie Gelbfieberimpfung.<\/h6>\n<p>Laut der\u00a0reisemedizinischen Impfberatung an der Uni D\u00fcsseldorf und Stiko sind seit 2014 keine Auffrischungen der Gelbfieberimpfung mehr n\u00f6tig. Eine einmalige Impfung mit dem Lebendimpfstoff (haben wir beide sehr gut vertragen) reicht lebenslang aus. Wikipedia ist \u00fcbrigens auf dem aktuellen Stand, das Robert-Koch-Institut &#8211; zumindest online &#8211; noch im Jahr 2012&#8230;<\/p>\n<h6><a id=\"lexikon_i\"><\/a>I wie Impfpass.<\/h6>\n<p>Ein viel wichtigeres Dokument als wir jemals dachten, nicht nur hier sondern auch im &#8222;normalen&#8220; Leben. Bei Verlust (im Ausland) fehlt der Nachweis f\u00fcr die Gelbfieberimpfung (unter Umst\u00e4nden Einreisebedingung), Kopien werden in der Regel nicht akzeptiert. Am besten Zweitausfertigung bei der Impfung erstellen lassen, wenn das geht.<\/p>\n<h6>I wie iOverlander.<\/h6>\n<p>Die ReiseApp mit Stell- und Campingpl\u00e4tzen und anderen Tipps f\u00fcr alle Overlander. Sehr empfehlenswert! Nicht nur f\u00fcr iPhone und iPad sondern auch online unter <a title=\"iOverlander\" href=\"http:\/\/www.iOverlander.com\" target=\"_blank\">www.iOverlander.com<\/a>\u00a0verf\u00fcgbar. Die Betreiber suchen \u00fcbrigens h\u00e4nderingend einen Programmier mit Android-Kenntnissen \ud83d\ude09 !<\/p>\n<h6><a id=\"lexikon_k\"><\/a>K wie Kamera.<\/h6>\n<p>Wir h\u00e4tten unsere kompakte Reisekamera vor dem Abflug \u00fcberpr\u00fcfen sollen &#8211; bei den ersten Bildern zeigte sich Staub auf dem Sensor\u2026 \ud83d\ude41 Ein darauf folgender Reinigungsversuch brachte keine Besserung, sondern es wurde schlimmer &#8211; wir waren allerdings vom Verk\u00e4ufer gewarnt worden. Jetzt sind wir halt nur noch mit der gro\u00dfen Spiegelreflexkamera unterwegs. Eine wasserdichte Kompaktkamera ist insbesondere bei einem Trip auf die Galapagos-Inseln bzw. zum Schnorcheln und Tauchen empfehlenswert. Das Preisniveau in S\u00fcdamerika liegt deutlich \u00fcber dem deutschen und die Verf\u00fcgbarkeit ist schlecht.<\/p>\n<h6>K wie Kreditkarte.<\/h6>\n<p>Wir haben uns f\u00fcr eine Kombination aus einer goldenen Master- und Visacard von Barclaycard (Germanwings) und einer CortalConsors Visacard entschieden. Alle Karten erm\u00f6glichten w\u00e4hrend unserer Reise die Zahlung und Bargeldabhebung ohne Auslandseinsatzentgeld und waren f\u00fcr unsere Zwecke somit Ideal. Der Vorteil der Barclaycard mit ihrem langen Zahlungsziel von rund 60 Tagen ist auch ihr gr\u00f6\u00dfter Nachteil: Der Kreditrahmen ist entsprechend schnell ausgesch\u00f6pft bzw. wird entsprechend lange belastet. Die Visacard von CortalConsors bucht daf\u00fcr einen Teil der Verf\u00fcgungen umgehend auf das hinterlegte Girokonto durch &#8211; gef\u00e4llt uns pers\u00f6nlich eigentlich besser.<\/p>\n<h6><a id=\"lexikon_m\"><\/a>M wie MePa.<\/h6>\n<p>Was ist ein MePa? Wir wohnen im sch\u00f6nen Ratingen (= Kreis <a title=\"Wikipedia: Kreis Mettmann\" href=\"http:\/\/de.wikipedia.org\/wiki\/Kreis_Mettmann\" target=\"_blank\">MEttmann<\/a>) und gehen auf die PAnamericana. So einfach ergibt sich ein Kennzeichen und nach einiger Zeit auch ein Spitzname f\u00fcr ein 3,5 t leichtes Auto.<\/p>\n<h6><a id=\"lexikon_n\"><\/a>N wie Navigationssytem.<\/h6>\n<p>Wir haben mit der App <a href=\"https:\/\/itunes.apple.com\/de\/app\/gps-navigation-maps-traffic\/id329349116?mt=8\" target=\"_blank\">GPS Navigation, Maps &amp; Traffic &#8211; Scout<\/a> (auf einem iPad) und den entsprechenden Karten des OpenStreetMap-Projektes (<a href=\"http:\/\/www.openstreetmap.org\" target=\"_blank\">OSM<\/a>) gearbeitet. Kostenpunkt f\u00fcr die zur Offlinenutzung durch die App bereitgestellten Karten: unter 10 \u20ac &#8211; und sie waren bis jetzt jeden Cent wert. Dennoch greifen wir f\u00fcr die grobe Routenplanung und zur \u00dcbersicht gerne auf klassische Papierkarten zur\u00fcck, wenn sie verf\u00fcgbar sind. Die Versorgung vor Ort mit guten Karten ist in der Regel sehr schwierig, au\u00dfer den Karten f\u00fcr Chile (dort an den Copec-Tankstellen erh\u00e4ltlich) w\u00fcrden wir uns heute bereits in Deutschland komplett eindecken.<\/p>\n<h6><a id=\"lexikon_r\"><\/a>R wie Reisef\u00fchrer.<\/h6>\n<p>So viele L\u00e4nder, die wir bereisen wollen. Klar, dass es nicht einen Reisef\u00fchrer gibt. Wir starten mit dem Lonely Planet f\u00fcr S\u00fcd- und Mittelamerika und haben erg\u00e4nzend uns mit anderen l\u00e4nderspezifischen B\u00fcchern ausgestattet. Den Lonely Planet S\u00fcdamerika lesen wir, um uns einen \u00dcberblick zu verschaffen, mit dem ReiseKnowHow sind wir bisher zufrieden, die Argentinien-Ausgabe war okay, der Chile-F\u00fchrer deutlich besser und vom Bolivien\/Peru-Doppelband sind wir begeistert, es gibt zwar keine bunten Bilder zum Anschauen, daf\u00fcr jede Menge Informationen!<\/p>\n<h6><a id=\"lexikon_s\"><\/a>S wie Soundtrack unserer Tour.<\/h6>\n<p>Ganz klar, l\u00e4uft hoch und runter und wir werden immer textsicherer: Schwarzes Konfetti von Markus Wiebusch!<\/p>\n<h6>S wie Sprachkenntnisse.<\/h6>\n<p>Wichtig, wichtig, wichtig! Danke Marielvi :-). Wir werden berichten, welche lustigen Anekdoten wir aufgrund von Missverst\u00e4ndnissen erleben und wie wir doch irgendwie zurecht kommen&#8230; :-).<\/p>\n<h6><a id=\"lexikon_u\"><\/a>U wie unbezahlter Urlaub.<\/h6>\n<p>Danke Chef und danke an die Personalabteilung des VKKD f\u00fcr tolle 10 Monate unbezahlten Urlaub :-).<\/p>\n<h6>U wie Urlaub.<\/h6>\n<p>Nein, wir machen keinen Urlaub, auch wenn sich das Au\u00dfenstehende wohl so vorstellen. Wir unternehmen eine Reise mit t\u00e4glicher Routen- und Detaillplanung, Parkplatz- und \u00dcbernachtungsplatzsuche und st\u00e4ndiger &#8222;Nachschubsuche&#8220; auf M\u00e4rkten, in kleinen Tiendas und gro\u00dfen Superm\u00e4rkten. Und es macht einen Riesenspa\u00df!<\/p>\n<h6><strong><a id=\"lexikon_v\"><\/a>V<\/strong>\u00a0wie Verschiffung.<\/h6>\n<p>Container oder Roll-on-Roll-off? H\u00f6chste Sicherheit oder Flexibilit\u00e4t? Wer sich auch wochenlang die Frage stellt, ob sein Auto in einen Container passen k\u00f6nnte oder daf\u00fcr ggf. passend gemacht werden k\u00f6nnte, kommt hier die Antwort. Laut der Spedition HamburgS\u00fcd betr\u00e4gt die lichte T\u00fcrh\u00f6he bei einem 40\u2019High Cube Container 2585 mm, vorbehaltlich kleinerer Bautoleranzen (+\/- 10-25 mm). Tja, passt nicht&#8230;damit war das Thema Container beendet. Roll-on-Roll-off bieten viele an. Nachdem wir bei Seabridge, Transcamion und Pangeacargo Kostenvoranschl\u00e4ge erfragt haben, fiel die Entscheidung letztlich auf Seabridge.<\/p>\n","protected":false},"excerpt":{"rendered":"<p>Hier kommt unser &#8211; im Moment noch kleines &#8211; ABC, das im Verlauf erweitert werden wird. A B C D E F G H I J K L M N O P Q R S &hellip; <a href=\"https:\/\/panamericana-live.de\/?page_id=16\">Weiterlesen<\/a><\/p>\n","protected":false},"author":2,"featured_media":303,"parent":4,"menu_order":50,"comment_status":"open","ping_status":"closed","template":"","meta":{"footnotes":""},"_links":{"self":[{"href":"https:\/\/panamericana-live.de\/index.php?rest_route=\/wp\/v2\/pages\/16"}],"collection":[{"href":"https:\/\/panamericana-live.de\/index.php?rest_route=\/wp\/v2\/pages"}],"about":[{"href":"https:\/\/panamericana-live.de\/index.php?rest_route=\/wp\/v2\/types\/page"}],"author":[{"embeddable":true,"href":"https:\/\/panamericana-live.de\/index.php?rest_route=\/wp\/v2\/users\/2"}],"replies":[{"embeddable":true,"href":"https:\/\/panamericana-live.de\/index.php?rest_route=%2Fwp%2Fv2%2Fcomments&post=16"}],"version-history":[{"count":41,"href":"https:\/\/panamericana-live.de\/index.php?rest_route=\/wp\/v2\/pages\/16\/revisions"}],"predecessor-version":[{"id":1737,"href":"https:\/\/panamericana-live.de\/index.php?rest_route=\/wp\/v2\/pages\/16\/revisions\/1737"}],"up":[{"embeddable":true,"href":"https:\/\/panamericana-live.de\/index.php?rest_route=\/wp\/v2\/pages\/4"}],"wp:featuredmedia":[{"embeddable":true,"href":"https:\/\/panamericana-live.de\/index.php?rest_route=\/wp\/v2\/media\/303"}],"wp:attachment":[{"href":"https:\/\/panamericana-live.de\/index.php?rest_route=%2Fwp%2Fv2%2Fmedia&parent=16"}],"curies":[{"name":"wp","href":"https:\/\/api.w.org\/{rel}","templated":true}]}}