{"id":355,"date":"2015-07-18T17:45:26","date_gmt":"2015-07-18T15:45:26","guid":{"rendered":"http:\/\/panamericana-live.de\/?page_id=355"},"modified":"2015-07-19T01:22:32","modified_gmt":"2015-07-18T23:22:32","slug":"linksammlung","status":"publish","type":"page","link":"https:\/\/panamericana-live.de\/?page_id=355","title":{"rendered":"Linksammlung"},"content":{"rendered":"<h1>Andere Reisende, die wir leider nicht getroffen haben<\/h1>\n<p><a title=\"abenteuertour.de\" href=\"http:\/\/www.abenteuertour.de\" target=\"_blank\">www.abenteuertour.de<\/a><br \/>\nPetra und Klaus waren \u00fcber drei Jahre auf und vor allem abseits der Panamericana unterwegs von den USA bis nach Feuerland. Insbesondere ihr Buch <em>Panamericana Ratgeber<\/em> ist f\u00fcr uns interssant gewesen und steht auf ihrer Homepage auch kostenlos zum Download bereit: <a title=\"abenteuertour.de - die B\u00fccher zur Tour 2010+\" href=\"http:\/\/www.abenteuertour.de\/buecher\/index.php\" target=\"_blank\">www.abenteuertour.de\/buecher\/index.php<\/a><\/p>\n<p><a title=\"The Modern Motocycle Diaries\" href=\"www.modernmotodiaries.com\" target=\"_blank\">www.modernmotodiaries.com<\/a><br \/>\nAlex Chacon ist mit seinem Motorrad auf allen Kontinenten unterwegs &#8211; unter anderem mehr als 500 Tage von Alaska nach Argentinien. Er betreibt unter anderem auch <a title=\"YourExpeditionSouth.com\" href=\"http:\/\/www.yourexpeditionsouth.com\/\" target=\"_blank\">YourExpeditionSouth.com<\/a>, eine Webseite die professionelle Beratung f\u00fcr Fernreisende betreibt.<\/p>\n<p><a title=\"http:\/\/jamieisrunning.com\" href=\"http:\/\/jamieisrunning.com\" target=\"_blank\">http:\/\/jamieisrunning.com<\/a><br \/>\nJamie joggt von Vancouver nach Buenos Aires mit einem Buggy&#8230; verr\u00fcckt oder britisch??<\/p>\n<h1>Webseiten &amp; Kontakte, die uns (sehr) geholfen haben<\/h1>\n<p><a title=\"Thorsten Schulz (MC Schulz, Lage)\" href=\"http:\/\/www.mc-schulz.de\" target=\"_blank\">Thorsten Schulz (MC Schulz, Lage)<\/a><br \/>\nwar &#8222;unser&#8220; Wohnmobilh\u00e4ndler und hat zusammen mit Bavaria Camp (und uns) f\u00fcr nahezu alle W\u00fcnsche und Problemchen eine L\u00f6sung gefunden &#8211; auch nach der Auslieferung!<\/p>\n<p><a title=\"Bavaria Camp (Obermeitingen)\" href=\"http:\/\/www.bavariacamp.de\" target=\"_blank\">Bavaria Camp (Obermeitingen)<\/a><br \/>\nhat unsere W\u00fcnsche erf\u00fcllt und flexibel auf unsere Vorstellungen reagiert: Allrad, Grundriss, Oberfl\u00e4chen, Materialien, Ausstattung, etc. DANKE!<\/p>\n<p><a title=\"panamericanainfo.com\" href=\"http:\/\/panamericanainfo.com\" target=\"_blank\">panamericanainfo.com<\/a><br \/>\n&#8222;Finden statt suchen!&#8220; Eine gro\u00dfe Linksammlung zu anderen Reisenden, Informationen und Neuigkeiten.<\/p>\n<p><a title=\"Fiat Niederlassung D\u00fcsseldorf\" href=\"http:\/\/duesseldorf.motorvillage.de\" target=\"_blank\">Fiat Niederlassung D\u00fcsseldorf (Erkrather Str.)<\/a><br \/>\nhat uns stehts kurzfristig und kompetent unterst\u00fctzt &#8211; egal ob es um technische Fragen oder einfach nur die Vermessung des Autos ging. Danke!<\/p>\n<p><a title=\"PanAmerican Travelers: Past, Present and Future aud facebook\" href=\"http:\/\/www.facebook.com\/groups\/panamtravelers\" target=\"_blank\">PanAmerican Travelers: Past, Present and Future<\/a><br \/>\nEine Facebook-Gruppe mit unz\u00e4hligen Mitgliedern, sehr aktuell und eben auf das Reisen entlang der Panamericana fokussiert.<\/p>\n<p><a title=\"Horizons Unlimited\" href=\"http:\/\/www.horizonsunlimited.com\" target=\"_blank\">Horizons Unlimited<\/a><br \/>\nist eigentlich eine Webseite f\u00fcr Motorradreisende, aber auch alle anderen finden hier Informationen zu L\u00e4ndern, Routen und Grenz\u00fcberg\u00e4ngen.<\/p>\n","protected":false},"excerpt":{"rendered":"<p>Andere Reisende, die wir leider nicht getroffen haben www.abenteuertour.de Petra und Klaus waren \u00fcber drei Jahre auf und vor allem abseits der Panamericana unterwegs von den USA bis nach Feuerland. Insbesondere ihr Buch Panamericana Ratgeber &hellip; <a href=\"https:\/\/panamericana-live.de\/?page_id=355\">Weiterlesen<\/a><\/p>\n","protected":false},"author":3,"featured_media":308,"parent":4,"menu_order":0,"comment_status":"open","ping_status":"open","template":"","meta":{"footnotes":""},"_links":{"self":[{"href":"https:\/\/panamericana-live.de\/index.php?rest_route=\/wp\/v2\/pages\/355"}],"collection":[{"href":"https:\/\/panamericana-live.de\/index.php?rest_route=\/wp\/v2\/pages"}],"about":[{"href":"https:\/\/panamericana-live.de\/index.php?rest_route=\/wp\/v2\/types\/page"}],"author":[{"embeddable":true,"href":"https:\/\/panamericana-live.de\/index.php?rest_route=\/wp\/v2\/users\/3"}],"replies":[{"embeddable":true,"href":"https:\/\/panamericana-live.de\/index.php?rest_route=%2Fwp%2Fv2%2Fcomments&post=355"}],"version-history":[{"count":15,"href":"https:\/\/panamericana-live.de\/index.php?rest_route=\/wp\/v2\/pages\/355\/revisions"}],"predecessor-version":[{"id":2220,"href":"https:\/\/panamericana-live.de\/index.php?rest_route=\/wp\/v2\/pages\/355\/revisions\/2220"}],"up":[{"embeddable":true,"href":"https:\/\/panamericana-live.de\/index.php?rest_route=\/wp\/v2\/pages\/4"}],"wp:featuredmedia":[{"embeddable":true,"href":"https:\/\/panamericana-live.de\/index.php?rest_route=\/wp\/v2\/media\/308"}],"wp:attachment":[{"href":"https:\/\/panamericana-live.de\/index.php?rest_route=%2Fwp%2Fv2%2Fmedia&parent=355"}],"curies":[{"name":"wp","href":"https:\/\/api.w.org\/{rel}","templated":true}]}}