{"id":6,"date":"2013-04-21T16:01:49","date_gmt":"2013-04-21T14:01:49","guid":{"rendered":"http:\/\/panamericana-live.de\/?page_id=6"},"modified":"2014-09-16T11:16:26","modified_gmt":"2014-09-16T09:16:26","slug":"die-tour","status":"publish","type":"page","link":"https:\/\/panamericana-live.de\/?page_id=6","title":{"rendered":"Die Tour"},"content":{"rendered":"<p>Nun geht es los: wir gehen auf die Panamericana, kaum zu glauben! Unterschiedliche Reaktionen haben wir erlebt, als wir von unserem Vorhaben erz\u00e4hlt haben&#8230;\u00a0 von &#8218;wie cool&#8216; (ja) bis hin zu &#8217;seid ihr verr\u00fcckt??&#8216; (mmh, ja wahrscheinlich auch \ud83d\ude42 ).<\/p>\n<p>Wir wollen die Panamericana bereisen. &#8218;Die&#8216; Panamericana gibt es aber gar nicht, es handelt sich um ein Netz von Schnellstra\u00dfen, das mit einer kleinen Unterbrechung am Darien Gap Alaska mit Feuerland verbindet. Die Carretera Panamericana umfasst in der l\u00e4ngsten Nord-S\u00fcd-Verbindung etwa 25.750 km&#8230;. mal sehen, was unser km-Stand schlie\u00dflich anzeigen wird.<\/p>\n<p>Unsere Reiseroute wird so oder \u00e4hnlich sein: das Auto wird von Hamburg nach Zarate, 90 km nordwestlich von Buenos Aires, verschifft und wir fliegen hinterher. Wenn wir die Verzollung und den Papierkram erledigt haben und unser Auto in Empfang genommen haben, soll es zun\u00e4chst entlang\u00a0der Atlantikk\u00fcste in Richtung S\u00fcden bis nach Feuerland gehen und von Usuiaia aus dann immer nordw\u00e4rts bis nach Kanada: \u00fcber Chile, Bolivien, Peru, Ecuador, Kolumbien, kurze Unterbrechung wegen des Isthmus von Darien, Panama, &#8230;. so weit, wie wir kommen!<\/p>\n<p>[sgpx gpx=&#8220;\/wp-content\/uploads\/gpx\/route_gesamt.gpx&#8220;]<\/p>\n","protected":false},"excerpt":{"rendered":"<p>Nun geht es los: wir gehen auf die Panamericana, kaum zu glauben! Unterschiedliche Reaktionen haben wir erlebt, als wir von unserem Vorhaben erz\u00e4hlt haben&#8230;\u00a0 von &#8218;wie cool&#8216; (ja) bis hin zu &#8217;seid ihr verr\u00fcckt??&#8216; (mmh, &hellip; <a href=\"https:\/\/panamericana-live.de\/?page_id=6\">Weiterlesen<\/a><\/p>\n","protected":false},"author":1,"featured_media":328,"parent":0,"menu_order":10,"comment_status":"open","ping_status":"closed","template":"","meta":{"footnotes":""},"_links":{"self":[{"href":"https:\/\/panamericana-live.de\/index.php?rest_route=\/wp\/v2\/pages\/6"}],"collection":[{"href":"https:\/\/panamericana-live.de\/index.php?rest_route=\/wp\/v2\/pages"}],"about":[{"href":"https:\/\/panamericana-live.de\/index.php?rest_route=\/wp\/v2\/types\/page"}],"author":[{"embeddable":true,"href":"https:\/\/panamericana-live.de\/index.php?rest_route=\/wp\/v2\/users\/1"}],"replies":[{"embeddable":true,"href":"https:\/\/panamericana-live.de\/index.php?rest_route=%2Fwp%2Fv2%2Fcomments&post=6"}],"version-history":[{"count":12,"href":"https:\/\/panamericana-live.de\/index.php?rest_route=\/wp\/v2\/pages\/6\/revisions"}],"predecessor-version":[{"id":327,"href":"https:\/\/panamericana-live.de\/index.php?rest_route=\/wp\/v2\/pages\/6\/revisions\/327"}],"wp:featuredmedia":[{"embeddable":true,"href":"https:\/\/panamericana-live.de\/index.php?rest_route=\/wp\/v2\/media\/328"}],"wp:attachment":[{"href":"https:\/\/panamericana-live.de\/index.php?rest_route=%2Fwp%2Fv2%2Fmedia&parent=6"}],"curies":[{"name":"wp","href":"https:\/\/api.w.org\/{rel}","templated":true}]}}