{"id":8,"date":"2013-04-21T16:02:49","date_gmt":"2013-04-21T14:02:49","guid":{"rendered":"http:\/\/panamericana-live.de\/?page_id=8"},"modified":"2015-04-12T15:18:36","modified_gmt":"2015-04-12T13:18:36","slug":"uber_uns","status":"publish","type":"page","link":"https:\/\/panamericana-live.de\/?page_id=8","title":{"rendered":"\u00dcber uns"},"content":{"rendered":"<p>Hallo Freunde und Fremde, die sich f\u00fcr unseren Blog interessieren und an unserer Reise teilnehmen wollen. Vielleicht zum St\u00f6bern, vielleicht um Tipps f\u00fcr Vorbereitungen einer eigenen Reise zu bekommen, vielleicht aber auch nur, ein wenig Fernweh zu lindern?!?<\/p>\n<p>Wir freuen uns \u00fcber euer Interesse &#8211; und nat\u00fcrlich \u00fcber ein &#8218;hallo&#8216; im <a title=\"G\u00e4stebuch\" href=\"http:\/\/panamericana-live.de\/?page_id=14\">G\u00e4stebuch<\/a>. Damit ihr wisst, mit wem ihr es eigentlich zu tun habt, stellen wir uns ganz kurz vor:<\/p>\n<p><img loading=\"lazy\" decoding=\"async\" class=\"alignleft wp-image-352 size-full\" src=\"http:\/\/panamericana-live.de\/wp-content\/uploads\/2014\/09\/ax_90.png\" alt=\"ax_90\" width=\"90\" height=\"90\" \/>Axel, Jahrgang 80, Ingenieur, ist vor vielen Jahren mit dem Panamericana-Virus infiziert worden und freut sich nun nach monatelangen Vorbereitungen w\u00e4hrend einer 10monatigen Arbeitspause sich den Panamericana-Traum zu erf\u00fcllen.<\/p>\n<p><img loading=\"lazy\" decoding=\"async\" class=\"alignleft size-full wp-image-358\" src=\"http:\/\/panamericana-live.de\/wp-content\/uploads\/2014\/09\/an_901.png\" alt=\"Antonia\" width=\"90\" height=\"90\" \/>Antonia, Jahrgang 85, im wahren Leben \u00c4rztin, freut sich auf wundersch\u00f6ne Landschaften, Begegnungen mit Einheimischen und anderen Reisenden und endlich den praktischen Einsatz des m\u00fchsam gelernten Spanisch!<\/p>\n","protected":false},"excerpt":{"rendered":"<p>Hallo Freunde und Fremde, die sich f\u00fcr unseren Blog interessieren und an unserer Reise teilnehmen wollen. Vielleicht zum St\u00f6bern, vielleicht um Tipps f\u00fcr Vorbereitungen einer eigenen Reise zu bekommen, vielleicht aber auch nur, ein wenig &hellip; <a href=\"https:\/\/panamericana-live.de\/?page_id=8\">Weiterlesen<\/a><\/p>\n","protected":false},"author":2,"featured_media":345,"parent":0,"menu_order":20,"comment_status":"closed","ping_status":"closed","template":"","meta":{"footnotes":""},"_links":{"self":[{"href":"https:\/\/panamericana-live.de\/index.php?rest_route=\/wp\/v2\/pages\/8"}],"collection":[{"href":"https:\/\/panamericana-live.de\/index.php?rest_route=\/wp\/v2\/pages"}],"about":[{"href":"https:\/\/panamericana-live.de\/index.php?rest_route=\/wp\/v2\/types\/page"}],"author":[{"embeddable":true,"href":"https:\/\/panamericana-live.de\/index.php?rest_route=\/wp\/v2\/users\/2"}],"replies":[{"embeddable":true,"href":"https:\/\/panamericana-live.de\/index.php?rest_route=%2Fwp%2Fv2%2Fcomments&post=8"}],"version-history":[{"count":23,"href":"https:\/\/panamericana-live.de\/index.php?rest_route=\/wp\/v2\/pages\/8\/revisions"}],"predecessor-version":[{"id":139,"href":"https:\/\/panamericana-live.de\/index.php?rest_route=\/wp\/v2\/pages\/8\/revisions\/139"}],"wp:featuredmedia":[{"embeddable":true,"href":"https:\/\/panamericana-live.de\/index.php?rest_route=\/wp\/v2\/media\/345"}],"wp:attachment":[{"href":"https:\/\/panamericana-live.de\/index.php?rest_route=%2Fwp%2Fv2%2Fmedia&parent=8"}],"curies":[{"name":"wp","href":"https:\/\/api.w.org\/{rel}","templated":true}]}}